{"id":3,"date":"2020-02-11T13:57:47","date_gmt":"2020-02-11T12:57:47","guid":{"rendered":"https:\/\/convenex.com\/?page_id=3"},"modified":"2020-06-14T12:17:54","modified_gmt":"2020-06-14T10:17:54","slug":"datenschutzerklaerung","status":"publish","type":"page","link":"https:\/\/convenex.com\/en\/datenschutzerklaerung\/","title":{"rendered":"Datenschutzerkl\u00e4rung"},"content":{"rendered":"<div data-elementor-type=\"wp-page\" data-elementor-id=\"3\" class=\"elementor elementor-3\" data-elementor-settings=\"[]\">\n\t\t\t<div class=\"elementor-inner\">\n\t\t\t\t<div class=\"elementor-section-wrap\">\n\t\t\t\t\t\t\t<section class=\"elementor-element elementor-element-3cc18b6 elementor-section-boxed elementor-section-height-default elementor-section-height-default elementor-section elementor-top-section\" data-id=\"3cc18b6\" data-element_type=\"section\">\n\t\t\t\t\t\t<div class=\"elementor-container elementor-column-gap-default\">\n\t\t\t\t<div class=\"elementor-row\">\n\t\t\t\t<div class=\"elementor-element elementor-element-4362ea8 elementor-column elementor-col-100 elementor-top-column\" data-id=\"4362ea8\" data-element_type=\"column\">\n\t\t\t<div class=\"elementor-column-wrap  elementor-element-populated\">\n\t\t\t\t\t<div class=\"elementor-widget-wrap\">\n\t\t\t\t<div class=\"elementor-element elementor-element-fc320b0 elementor-widget elementor-widget-text-editor\" data-id=\"fc320b0\" data-element_type=\"widget\" data-widget_type=\"text-editor.default\">\n\t\t\t\t<div class=\"elementor-widget-container\">\n\t\t\t\t\t<div class=\"elementor-text-editor elementor-clearfix\"><p><strong>Data Protection<\/strong><\/p><p>Ihr Vertrauen ist uns wichtig \u2013 und auch Ihre Datensicherheit. Convenex AG beachtet die gesetzlichen Bestimmungen des Bundesgesetzes \u00fcber den Datenschutz (DSG), der Verordnung zum Bundesgesetz \u00fcber den Datenschutz (VDSG), des Fernmeldegesetzes (FMG) sowie andere datenschutzrechtliche Bestimmungen, beispielsweise die Datenschutzgrundverordnung der Europ\u00e4ischen Union (nachfolgend DSGVO).<\/p><ol><li>Grundsatz<ol><li>Eine Datenschutzerkl\u00e4rung kl\u00e4rt \u00fcber die Art, den Zweck und Umfang der Verarbeitung personenbezogener Daten im Zusammenhang mit der Nutzung unserer Website und den mitangebotenen Diensten auf. Diese Datenschutzerkl\u00e4rung gilt unabh\u00e4ngig von den verwendeten Domains oder Ger\u00e4ten (beispielsweise Smartphone oder Desktop-Computer).<\/li><li>Zu den personenbezogenen Daten geh\u00f6ren beispielsweise Mess- und Nutzungsdaten zur Analyse der besuchten Unterseiten oder dem Interesse an konkreten Angeboten.\u00a0<\/li><\/ol><\/li><li>Sicherheit<ol><li>Die Datensicherheit hat h\u00f6chste Priorit\u00e4t. Dementsprechend treffen wir organisatorische, vertragliche und technische Sicherheitsmassnahmen. So wird sichergestellt, dass Daten gegen Verlust, unberechtigten Zugriff und Manipulation bestm\u00f6glich gesch\u00fctzt sind.<\/li><li>Aus diesem Grund wird der gesamte Daten\u00fcbertragungsvorgang zwischen dem Webbrowser und dem Webserver verschl\u00fcsselt (SSL).<\/li><\/ol><\/li><li>Weitergabe von Daten an Dritte<ol><li>Eine Weitergabe von Daten an Dritte erfolgt nur im Rahmen der gesetzlichen Vorgaben (Art. 6 Abs. 1 lit. b DSGVO) und nur mit der expliziten Zustimmung.<\/li><li>F\u00fcr gewisse Dienste arbeiten wir mit spezialisierten Unternehmen zusammen. Daf\u00fcr werden unsererseits personenbezogene Daten transferiert, um eben diesen Dienst betreiben zu k\u00f6nnen. Hier ergreifen wir geeignete rechtliche Vorkehrungen sowie entsprechende technische und organisatorische Massnahmen, um f\u00fcr den Schutz der personenbezogenen Daten gem\u00e4ss den einschl\u00e4gigen gesetzlichen Vorschriften zu sorgen.<\/li><\/ol><\/li><li>Kontaktaufnahme \/ Erbringung vertraglicher Leistungen<ol><li>Bei der Kontaktaufnahme mit uns werden die pers\u00f6nlichen Daten zur Bearbeitung der Kontaktanfrage und der Abwicklung im Zusammenhang mit einer konkreten Dienstleistung\/Bestellung verarbeitet.<\/li><li>Personenbezogene Daten k\u00f6nnen in unserem Customer Relationship Management System (\u00abCRM System\u00bb) gespeichert werden.<\/li><\/ol><\/li><li>Erhebung von Zugriffsdaten und Logfiles<ol><li>Wir erheben auf Grundlage unserer berechtigten Interessen Daten \u00fcber jeden Zugriff auf den Webserver. Zu den Zugriffsdaten geh\u00f6ren Name der abgerufenen Domain, Datum und Uhrzeit des Abrufs, Protokollinformationen wie Protokolltyp, -Version, die gew\u00fcnschte Aktion, Statuscodes oder Angaben zu den transferierten Daten (z.B. die Gr\u00f6sse einer Frage oder einer Antwort), Fehlermeldungen, Sprache und Version der Browsersoftware, das Betriebssystem des Nutzers, Referrer URL (die zuvor besuchte Seite), IP-Adresse und der anfragende Provider.<\/li><li>Logfile-Informationen werden zum Nachvollziehen und L\u00f6sen von technischen Problemen, zum Finden von menschenverursachten Fehlern, zum Abwehren von Angriffen auf die Serverinfrastruktur, zur Unterst\u00fctzung von Analysen bei gehackten Websites, zum Erstellen der Besucherstatistiken und aus Sicherheitsgr\u00fcnden (z.B. zur Aufkl\u00e4rung von Missbrauchs- oder Betrugshandlungen) tempor\u00e4r gespeichert. Die Daten verbleiben bis zum Wegfall der betrieblichen Notwendigkeit und dem Ablauf der gesetzlich oder vertraglich festgelegten Fristen auf den Systemen und werden danach automatisch gel\u00f6scht. F\u00fcr die meisten Daten ist dies maximal ein halbes Jahr.<\/li><li>Daten, deren weitere Aufbewahrung zu Beweiszwecken erforderlich ist, sind bis zur endg\u00fcltigen Kl\u00e4rung des jeweiligen Vorfalls von der L\u00f6schung ausgenommen.<\/li><\/ol><\/li><li>Cookies<ol><li>Cookies sind Informationen, die von unserem Webserver oder Webservern Dritter an die Web-Browser der Nutzer \u00fcbertragen und dort f\u00fcr einen sp\u00e4teren Abruf gespeichert werden. Bei Cookies kann es sich um kleine Dateien oder sonstige Arten der Informationsspeicherung handeln. \u00dcber den Einsatz von Cookies im Rahmen pseudonymer Reichweitenmessung werden die Nutzer im Rahmen dieser Datenschutzerkl\u00e4rung informiert.<\/li><li>Die meisten Browser akzeptieren Cookies automatisch. Sie k\u00f6nnen die Einstellungen f\u00fcr Cookies in ihrem Browser anpassen, um bestimmte oder alle Cookies zu deaktivieren. Beachten Sie jedoch bitte, dass dies zu Funktionseinschr\u00e4nkungen f\u00fchren kann. Um mehr \u00fcber dar\u00fcber zu erfahren, wie Cookies in verschiedenen Browsern kontrolliert werden k\u00f6nnen, nutzen Sie folgende Links: Mozilla Firefox (<span><a href=\"https:\/\/support.mozilla.org\/de\/kb\/cookies-erlauben-und-ablehnen\">https:\/\/support.mozilla.org\/de\/kb\/cookies-erlauben-und-ablehnen<\/a><\/span>), Google Chrome (<span><a href=\"https:\/\/support.google.com\/chrome\/answer\/95647?hl=de\">https:\/\/support.google.com\/chrome\/answer\/95647?hl=de<\/a><\/span>), Internet Explorer (<a href=\"https:\/\/support.microsoft.com\/de-de\/help\/17442\/windows-internet-explorer-delete-manage-cookies\">https:\/\/support.microsoft.com\/de-de\/help\/17442\/windows-internet-explorer-delete-manage-cookies<\/a>), Safari (<a href=\"https:\/\/support.apple.com\/kb\/PH21411?locale=it_IT&amp;viewlocale=de_DE\">https:\/\/support.apple.com\/kb\/PH21411?locale=it_IT&amp;viewlocale=de_DE<\/a>)<\/li><li>Dem Einsatz von Cookies, die der Reichweitenmessung und Werbezwecken dienen, kann \u00fcber die Deaktivierungsseite der Netzwerkwerbeinitiative (<span><a href=\"http:\/\/optout.networkadvertising.org\/\">http:\/\/optout.networkadvertising.org\/<\/a><\/span>) und zus\u00e4tzlich die US-amerikanische Website (<span><a href=\"http:\/\/www.aboutads.info\/choices\">http:\/\/www.aboutads.info\/choices<\/a><\/span>) oder die europ\u00e4ische Website (<span><a href=\"http:\/\/www.youronlinechoices.com\/ch-de\/praferenzmanagement\">http:\/\/www.youronlinechoices.com\/ch-de\/praferenzmanagement<\/a><\/span>) widersprochen werden.<\/li><\/ol><\/li><li>Webanalyse<ol><li>F\u00fcr die Webanalyse setzen wir Google Analytics ein, ein Dienst der Google Inc. (\u00abGoogle\u00bb). Google verwendet Cookies. Die durch das Cookie erzeugten Informationen \u00fcber Benutzung des Onlineangebotes durch die Nutzer werden in der Regel an einen Server von Google \u00fcbertragen und dort gespeichert.<\/li><li>Google ist unter dem Privacy-Shield-Abkommen zertifiziert und bietet deshalb eine Garantie, das europ\u00e4ische Datenschutzrecht einzuhalten (<span><a href=\"https:\/\/www.privacyshield.gov\/participant?id=a2zt000000001L5AAI&amp;status=Active\">https:\/\/www.privacyshield.gov\/participant?id=a2zt000000001L5AAI&amp;status=Active<\/a><\/span>).<\/li><li>Wir setzen Google Analytics mit aktivierter IP-Anonymisierung ein. Das bedeutet, die IP-Adresse der Nutzer wird von Google innerhalb von Mitgliedstaaten der Europ\u00e4ischen Union oder in anderen Vertragsstaaten des Abkommens \u00fcber den Europ\u00e4ischen Wirtschaftsraum gek\u00fcrzt. Nur in Ausnahmef\u00e4llen wird die volle IP-Adresse an einen Server von Google in den USA \u00fcbertragen und dort gek\u00fcrzt. Entsprechend speichert Google die \u00fcber Cookies erhobenen Informationen nur in anonymisierter Form und verarbeitet sie in aggregierter Form.<\/li><li>Sie k\u00f6nnen die Speicherung von Cookies durch eine entsprechende Browsereinstellung verhindern. Dies ist auch \u00fcber das von Google bereitgestellte Browser-Plugin m\u00f6glich: http:\/\/tools.google.com\/dlpage\/gaoptout?hl=de.<\/li><li>Weitere Informationen zur Datennutzung durch Google, Einstellungs- und Widerspruchsm\u00f6glichkeiten erfahren Sie auf den Webseiten von Google:<span><a href=\"https:\/\/www.google.com\/intl\/de\/policies\/privacy\/partners\"> https:\/\/www.google.com\/intl\/de\/policies\/privacy\/partners<\/a><\/span> (\u00abDatennutzung durch Google bei Ihrer Nutzung von Websites oder Apps unserer Partner\u00bb),<span><a href=\"http:\/\/www.google.com\/policies\/technologies\/ads\"> http:\/\/www.google.com\/policies\/technologies\/ads<\/a><\/span> (\u00abDatennutzung zu Werbezwecken\u00bb),<span><a href=\"http:\/\/www.google.de\/settings\/ads\"> http:\/\/www.google.de\/settings\/ads<\/a><\/span> (\u00abInformationen verwalten, die Google verwendet, um Ihnen Werbung einzublenden\u00bb).<\/li><li>In unserem Auftrag nutzt Google die Informationen, um die Website-Nutzung auszuwerten, um Reports \u00fcber die Aktivit\u00e4ten zu generieren und um weitere, mit der Nutzung dieses Onlineangebotes und der Internetnutzung verbundene Dienstleistungen uns gegen\u00fcber zu erbringen. Dabei k\u00f6nnen aus den verarbeiteten Daten pseudonyme Nutzungsprofile der Nutzer erstellt werden.<\/li><li>Wir setzen auf der Website Re-Targeting-Technologien ein. Dabei wird Ihr Nutzerverhalten auf unserer Website analysiert, um anschliessend auch auf Partnerwebsites individuell auf Sie zugeschnittene Werbung anbieten zu k\u00f6nnen. Das Nutzerverhalten wird dabei pseudonym erfasst. Damit m\u00f6chten wir sicherstellen, dass unsere Anzeigen dem potentiellen Interesse der Nutzer entspricht und nicht bel\u00e4stigend wirkt.<\/li><li>Die vom Browser des Nutzers \u00fcbermittelte IP-Adresse wird nicht mit anderen Daten von Google zusammengef\u00fchrt.<\/li><\/ol><\/li><li>Einbindung von Diensten und Inhalten Dritter<ol><li>Auf der Website setzen wir verschiedene Inhalts- oder Serviceangebote von Drittanbietern ein. Mit diesen werden beispielsweise Videos oder Schriftarten eingebunden (nachfolgend bezeichnet als \u00abInhalte\u00bb). Damit diese Dienste einwandfrei funktionieren k\u00f6nnen, muss die IP-Adresse der Nutzer abgerufen und an den Drittanbieter weitergegeben werden. Dieser wiederum \u00fcbermittelt die Inhalte an den Browser zur\u00fcck an den Nutzer. Drittanbieter k\u00f6nnen Pixel-Tags f\u00fcr statistische oder Marketingzwecke verwenden. Durch diese \u00abPixel-Tags\u00bb k\u00f6nnen Informationen, wie der Besucherverkehr auf den Seiten dieser Website ausgewertet werden. Die pseudonymen Informationen k\u00f6nnen ferner in Cookies auf dem Ger\u00e4t der Nutzer gespeichert werden und unter anderem technische Informationen zum Browser und Betriebssystem, verweisende Webseiten, Besuchszeit sowie weitere Angaben zur Nutzung unseres Onlineangebotes enthalten, als auch mit solchen Informationen aus anderen Quellen verbunden werden.<\/li><li>Folgend finden Sie die Auflistung der Drittanbieter, die auf der Website eingesetzt werden. Weiter wird jeweils spezifiziert, welche Inhalte betroffen sind und wo deren Datenschutzerkl\u00e4rungen sowie weitere Hinweise zur Datenverarbeitung eingesehen werden und die jeweiligen Widerspruchsm\u00f6glichkeiten (Opt-Out) aufgerufen werden k\u00f6nnen:<ol><li>Externe Schriftarten von Google Fonts des Anbieters Google Inc., 1600 Amphitheatre Parkway, Mountain View, CA 94043, USA,<span><a href=\"https:\/\/www.google.com\/fonts\"> https:\/\/www.google.com\/fonts<\/a><\/span> (\u00abGoogle Fonts\u00bb). Die Einbindung der Google Fonts erfolgt durch einen Serveraufruf bei Google (in der Regel in den USA). Datenschutzerkl\u00e4rung: https:\/\/www.google.com\/policies\/privacy\/, Opt-Out:<span><a href=\"https:\/\/www.google.com\/settings\/ads\/\"> https:\/\/www.google.com\/settings\/ads\/<\/a><\/span><\/li><li>Externe Schriftarten von Fonts.com des Anbieters Monotype Imaging Holdings Inc., 600 Unicorn Park Drive, Woburn, Massachusetts 01801 USA, https:\/\/www.fonts.com (\u00abFonts.com\u00bb). Die Einbindung von Fonts.com-Schriften erfolgt durch einen Serveraufruf bei Monotype\/Fonts.com (in der Regel in den USA). Datenschutzerkl\u00e4rung: <span><a href=\"https:\/\/www.monotype.com\/legal\/privacy-policy\">https:\/\/www.monotype.com\/legal\/privacy-policy<\/a><\/span><\/li><li>Kartenmaterial von Google Maps des Anbieters Google Inc., 1600 Amphitheatre Parkway, Mountain View, CA 94043, USA, gestellt. Datenschutzerkl\u00e4rung: https:\/\/www.google.com\/policies\/privacy\/, Opt-Out: https:\/\/www.google.com\/settings\/ads\/<\/li><li>Videos der Plattform \u00abYouTube\u00bb des Drittanbieters Google Inc., 1600 Amphitheatre Parkway, Mountain View, CA 94043, USA. Datenschutzerkl\u00e4rung:<span><a href=\"https:\/\/www.google.com\/policies\/privacy\/\"> https:\/\/www.google.com\/policies\/privacy\/<\/a><\/span>, Opt-Out:<span><a href=\"https:\/\/www.google.com\/settings\/ads\/\"> https:\/\/www.google.com\/settings\/ads\/<\/a><\/span><\/li><li>Polyfill-Service des Drittanbieters The Financial Times Limited, um Funktionalit\u00e4ten zu laden, die in ihrem Browser fehlen, und so die Stabilit\u00e4t der Website zu verbessern, https:\/\/polyfill.io (\u00abPolyfill.io\u00bb). Datenschutzerkl\u00e4rung: https:\/\/polyfill.io\/docs\/privacy-policy.<\/li><li>Externer Code des JavaScript-Frameworks \u00abjQuery\u00bb, bereitgestellt durch den Drittanbieter Google Inc., 1600 Amphitheatre Parkway, Mountain View, CA 94043, USA. Datenschutzerkl\u00e4rung: https:\/\/www.google.com\/policies\/privacy\/, Opt-Out: https:\/\/www.google.com\/settings\/ads\/<\/li><\/ol><\/li><\/ol><\/li><li>Rechte der Nutzer<ol><li>Nutzer haben das Recht, auf Antrag \u00fcber die von Covenex AG gespeicherten Daten unentgeltlich Auskunft zu erhalten. Wenden Sie sich f\u00fcr alle folgenden M\u00f6glichkeiten an die im Impressum genannte Kontakt-Adresse.<\/li><li>Nutzer haben das Recht auf Berichtigung unrichtiger Daten.<\/li><li>Nutzer haben das Recht auf L\u00f6schung der personenbezogenen Daten, soweit dem keine gesetzliche Aufbewahrungspflicht oder ein Erlaubnistatbestand, der uns die Verarbeitung der Daten gestattet, entgegensteht.<\/li><li>Nutzer haben das Recht, diejenigen Daten, die herausgegeben wurden, wieder herauszuverlangen (Recht auf Datenportabilit\u00e4t). Auf Anfrage werden diese Daten auch einem Dritten herausgegeben.<\/li><li>Zus\u00e4tzlich haben die Nutzer das Recht auf Berichtigung unrichtiger Daten, Einschr\u00e4nkung der Verarbeitung und L\u00f6schung ihrer personenbezogenen Daten, sofern zutreffend, Ihre Rechte auf Datenportabilit\u00e4t geltend zu machen und im Fall der Annahme einer unrechtm\u00e4ssigen Datenverarbeitung, eine Beschwerde bei der zust\u00e4ndigen Aufsichtsbeh\u00f6rde einzureichen.<\/li><\/ol><\/li><li>\u00c4nderung der Datenschutzerkl\u00e4rung<ol><li>Die Datenschutzerkl\u00e4rung kann angepasst werden, sollte dies aufgrund ge\u00e4nderter Rechtslagen, Anpassungen des Dienstes oder der Datenverarbeitung n\u00f6tig sein.<\/li><li>Nutzer werden gebeten, diese Datenschutzerkl\u00e4rung regelm\u00e4ssig aufzurufen.<\/li><\/ol><\/li><\/ol><\/div>\n\t\t\t\t<\/div>\n\t\t\t\t<\/div>\n\t\t\t\t\t\t<\/div>\n\t\t\t<\/div>\n\t\t<\/div>\n\t\t\t\t\t\t<\/div>\n\t\t\t<\/div>\n\t\t<\/section>\n\t\t\t\t\t\t<\/div>\n\t\t\t<\/div>\n\t\t<\/div>","protected":false},"excerpt":{"rendered":"<p>Datenschutz Ihr Vertrauen ist uns wichtig \u2013 und auch Ihre Datensicherheit. Convenex AG beachtet die gesetzlichen Bestimmungen des Bundesgesetzes \u00fcber den Datenschutz (DSG), der Verordnung zum Bundesgesetz \u00fcber den Datenschutz (VDSG), des Fernmeldegesetzes (FMG) sowie andere datenschutzrechtliche Bestimmungen, beispielsweise die Datenschutzgrundverordnung der Europ\u00e4ischen Union (nachfolgend DSGVO). Grundsatz Eine Datenschutzerkl\u00e4rung kl\u00e4rt [&hellip;]<\/p>","protected":false},"author":1,"featured_media":753,"parent":0,"menu_order":0,"comment_status":"closed","ping_status":"open","template":"","meta":[],"_links":{"self":[{"href":"https:\/\/convenex.com\/en\/wp-json\/wp\/v2\/pages\/3"}],"collection":[{"href":"https:\/\/convenex.com\/en\/wp-json\/wp\/v2\/pages"}],"about":[{"href":"https:\/\/convenex.com\/en\/wp-json\/wp\/v2\/types\/page"}],"author":[{"embeddable":true,"href":"https:\/\/convenex.com\/en\/wp-json\/wp\/v2\/users\/1"}],"replies":[{"embeddable":true,"href":"https:\/\/convenex.com\/en\/wp-json\/wp\/v2\/comments?post=3"}],"version-history":[{"count":6,"href":"https:\/\/convenex.com\/en\/wp-json\/wp\/v2\/pages\/3\/revisions"}],"predecessor-version":[{"id":834,"href":"https:\/\/convenex.com\/en\/wp-json\/wp\/v2\/pages\/3\/revisions\/834"}],"wp:featuredmedia":[{"embeddable":true,"href":"https:\/\/convenex.com\/en\/wp-json\/wp\/v2\/media\/753"}],"wp:attachment":[{"href":"https:\/\/convenex.com\/en\/wp-json\/wp\/v2\/media?parent=3"}],"curies":[{"name":"wp","href":"https:\/\/api.w.org\/{rel}","templated":true}]}}